{"id":2242,"date":"2026-02-03T17:25:45","date_gmt":"2026-02-03T17:25:45","guid":{"rendered":"https:\/\/flowfitness.hu\/?page_id=2242"},"modified":"2026-02-18T10:35:57","modified_gmt":"2026-02-18T10:35:57","slug":"salankianna","status":"publish","type":"page","link":"https:\/\/flowfitness.hu\/en\/salankianna\/","title":{"rendered":"Anna Sal\u00e1nki"},"content":{"rendered":"\t\t<div data-elementor-type=\"wp-page\" data-elementor-id=\"2242\" class=\"elementor elementor-2242\">\n\t\t\t\t\t\t\t<div class=\"elementor-element elementor-element-cc69965 elementor-hidden-desktop elementor-hidden-tablet e-con-boxed e-con\" data-id=\"cc69965\" data-element_type=\"container\" data-settings=\"{&quot;background_background&quot;:&quot;classic&quot;,&quot;content_width&quot;:&quot;boxed&quot;}\">\n\t\t\t\t\t<div class=\"e-con-inner\">\n\t\t<div class=\"elementor-element elementor-element-2fb3d4f e-con-full e-con\" data-id=\"2fb3d4f\" data-element_type=\"container\" data-settings=\"{&quot;content_width&quot;:&quot;full&quot;}\">\n\t\t<div class=\"elementor-element elementor-element-991820d e-con-full e-con\" data-id=\"991820d\" data-element_type=\"container\" data-settings=\"{&quot;content_width&quot;:&quot;full&quot;,&quot;background_background&quot;:&quot;classic&quot;}\">\n\t\t\t\t<\/div>\n\t\t\t\t<\/div>\n\t\t\t\t\t<\/div>\n\t\t\t\t<\/div>\n\t\t<div class=\"elementor-element elementor-element-bf03908 elementor-hidden-mobile e-con-boxed e-con\" data-id=\"bf03908\" data-element_type=\"container\" data-settings=\"{&quot;background_background&quot;:&quot;classic&quot;,&quot;content_width&quot;:&quot;boxed&quot;}\">\n\t\t\t\t\t<div class=\"e-con-inner\">\n\t\t<div class=\"elementor-element elementor-element-cb8c4a2 e-con-full e-con\" data-id=\"cb8c4a2\" data-element_type=\"container\" data-settings=\"{&quot;content_width&quot;:&quot;full&quot;}\">\n\t\t<div class=\"elementor-element elementor-element-e6433e6 e-con-full e-con\" data-id=\"e6433e6\" data-element_type=\"container\" data-settings=\"{&quot;content_width&quot;:&quot;full&quot;,&quot;background_background&quot;:&quot;classic&quot;}\">\n\t\t\t\t<\/div>\n\t\t<div class=\"elementor-element elementor-element-4c0a565 e-con-full elementor-hidden-mobile e-con\" data-id=\"4c0a565\" data-element_type=\"container\" data-settings=\"{&quot;content_width&quot;:&quot;full&quot;,&quot;background_background&quot;:&quot;classic&quot;}\">\n\t\t\t\t<\/div>\n\t\t\t\t<\/div>\n\t\t\t\t\t<\/div>\n\t\t\t\t<\/div>\n\t\t<div class=\"elementor-element elementor-element-dfd9234 e-con-boxed e-con\" data-id=\"dfd9234\" data-element_type=\"container\" data-settings=\"{&quot;background_background&quot;:&quot;classic&quot;,&quot;content_width&quot;:&quot;boxed&quot;}\">\n\t\t\t\t\t<div class=\"e-con-inner\">\n\t\t<div class=\"elementor-element elementor-element-cd843f2 e-con-full e-con\" data-id=\"cd843f2\" data-element_type=\"container\" data-settings=\"{&quot;content_width&quot;:&quot;full&quot;}\">\n\t\t<div class=\"elementor-element elementor-element-90d5e36 e-con-full e-con\" data-id=\"90d5e36\" data-element_type=\"container\" data-settings=\"{&quot;content_width&quot;:&quot;full&quot;,&quot;background_background&quot;:&quot;classic&quot;}\">\n\t\t\t\t<div class=\"elementor-element elementor-element-feec282 elementor-widget elementor-widget-heading\" data-id=\"feec282\" data-element_type=\"widget\" data-widget_type=\"heading.default\">\n\t\t\t\t<div class=\"elementor-widget-container\">\n\t\t\t<style>\/*! elementor - v3.11.1 - 15-02-2023 *\/\n.elementor-heading-title{padding:0;margin:0;line-height:1}.elementor-widget-heading .elementor-heading-title[class*=elementor-size-]>a{color:inherit;font-size:inherit;line-height:inherit}.elementor-widget-heading .elementor-heading-title.elementor-size-small{font-size:15px}.elementor-widget-heading .elementor-heading-title.elementor-size-medium{font-size:19px}.elementor-widget-heading .elementor-heading-title.elementor-size-large{font-size:29px}.elementor-widget-heading .elementor-heading-title.elementor-size-xl{font-size:39px}.elementor-widget-heading .elementor-heading-title.elementor-size-xxl{font-size:59px}<\/style><h2 class=\"elementor-heading-title elementor-size-default\">Sal\u00e1nki Anna<\/h2>\t\t<\/div>\n\t\t\t\t<\/div>\n\t\t\t\t<\/div>\n\t\t<div class=\"elementor-element elementor-element-238d2c6 e-con-full e-con\" data-id=\"238d2c6\" data-element_type=\"container\" data-settings=\"{&quot;content_width&quot;:&quot;full&quot;,&quot;background_background&quot;:&quot;classic&quot;}\">\n\t\t\t\t<div class=\"elementor-element elementor-element-68d1301 elementor-widget elementor-widget-text-editor\" data-id=\"68d1301\" data-element_type=\"widget\" data-widget_type=\"text-editor.default\">\n\t\t\t\t<div class=\"elementor-widget-container\">\n\t\t\t<style>\/*! elementor - v3.11.1 - 15-02-2023 *\/\n.elementor-widget-text-editor.elementor-drop-cap-view-stacked .elementor-drop-cap{background-color:#818a91;color:#fff}.elementor-widget-text-editor.elementor-drop-cap-view-framed .elementor-drop-cap{color:#818a91;border:3px solid;background-color:transparent}.elementor-widget-text-editor:not(.elementor-drop-cap-view-default) .elementor-drop-cap{margin-top:8px}.elementor-widget-text-editor:not(.elementor-drop-cap-view-default) .elementor-drop-cap-letter{width:1em;height:1em}.elementor-widget-text-editor .elementor-drop-cap{float:left;text-align:center;line-height:1;font-size:50px}.elementor-widget-text-editor .elementor-drop-cap-letter{display:inline-block}<\/style>\t\t\t\t<p>A mozg\u00e1s eg\u00e9szen kiskorom \u00f3ta az \u00e9letem r\u00e9sze: balettoztam, majd t\u00f6bb labdaj\u00e1t\u00e9k ut\u00e1n v\u00e9g\u00fcl a r\u00f6plabda mellett k\u00f6t\u00f6ttem ki. A csapatsportok mellett tal\u00e1ltam r\u00e1 az edz\u0151termi edz\u00e9sre, amit hamar megszerettem, l\u00e1tva, hogy nem csak a sportteljes\u00edtm\u00e9nyemen, de az \u00e1ltal\u00e1nos k\u00f6z\u00e9rzetemen is rengeteget jav\u00edtott.<\/p><p>Azonban a termekben j\u00e1rva sokszor l\u00e1ttam olyan hib\u00e1s mint\u00e1kat, amik miatt \u00a0leend\u0151 gy\u00f3gytorn\u00e1szk\u00e9nt \u00a0elhat\u00e1roztam: \u00e9n ezt tudatosabban \u00e9s biztons\u00e1gosabban szeretn\u00e9m csin\u00e1lni. Ez motiv\u00e1lt abban, hogy szem\u00e9lyi edz\u0151 legyek.<br \/>A k\u00e9pz\u00e9s ut\u00e1n kezdtem el m\u00e9lyebben bele\u00e1sni magam a gerinctorna \u00e9s a ny\u00fajt\u00e1s vil\u00e1g\u00e1ba. Ennek szem\u00e9lyes oka is volt: az edz\u00e9sek mellett der\u00e9k \u00e9s h\u00e1tf\u00e1j\u00e1ssal k\u00fczd\u00f6ttem. <br \/>Ami\u00f3ta a saj\u00e1t rutinomba is be\u00e9p\u00edtettem ezeket a m\u00f3dszereket, r\u00e1j\u00f6ttem, mennyire kevesen ford\u00edtanak erre figyelmet, pedig rendk\u00edv\u00fcl fontos.<\/p><p>Leend\u0151 gy\u00f3gytorn\u00e1szk\u00e9nt \u00e9s edz\u0151k\u00e9nt a c\u00e9lom, hogy az er\u0151s\u00edt\u00e9s mellett a prevenci\u00f3ra is figyelj\u00fcnk. <br \/>Az egyetem alatt elv\u00e9geztem a Kinezio Tape \u00e9s a K\u00f6p\u00f6lyter\u00e1pia tanfolyamokat is, amik seg\u00edtenek a f\u00e1jdalomcsillap\u00edt\u00e1sban \u00e9s a gyorsabb regener\u00e1ci\u00f3ban.<br \/>Az \u00e1ltal\u00e1nos er\u0151s\u00edt\u00e9s mellett tart\u00e1sjav\u00edt\u00e1ssal, m\u00e9lyh\u00e1tizom-er\u0151s\u00edt\u00e9ssel \u00e9s ny\u00fajt\u00e1ssal foglalkozom, hogy hat\u00e9kony \u00e9s f\u00e1jdalommentes legyen a mozg\u00e1s.<\/p>\t\t\t\t\t\t<\/div>\n\t\t\t\t<\/div>\n\t\t\t\t<\/div>\n\t\t\t\t<\/div>\n\t\t\t\t\t<\/div>\n\t\t\t\t<\/div>\n\t\t\t\t\t\t\t<\/div>\n\t\t","protected":false},"excerpt":{"rendered":"<p>Sal\u00e1nki Anna A mozg\u00e1s eg\u00e9szen kiskorom \u00f3ta az \u00e9letem r\u00e9sze: balettoztam, majd t\u00f6bb labdaj\u00e1t\u00e9k ut\u00e1n v\u00e9g\u00fcl a r\u00f6plabda mellett k\u00f6t\u00f6ttem ki. A csapatsportok mellett tal\u00e1ltam r\u00e1 az edz\u0151termi edz\u00e9sre, amit hamar megszerettem, l\u00e1tva, hogy nem csak a sportteljes\u00edtm\u00e9nyemen, de az \u00e1ltal\u00e1nos k\u00f6z\u00e9rzetemen is rengeteget jav\u00edtott. Azonban a termekben j\u00e1rva sokszor l\u00e1ttam olyan hib\u00e1s mint\u00e1kat, amik [&hellip;]<\/p>\n","protected":false},"author":1,"featured_media":0,"parent":0,"menu_order":0,"comment_status":"closed","ping_status":"closed","template":"elementor_header_footer","meta":{"footnotes":""},"class_list":["post-2242","page","type-page","status-publish","hentry"],"yoast_head":"<!-- This site is optimized with the Yoast SEO plugin v26.6 - https:\/\/yoast.com\/wordpress\/plugins\/seo\/ -->\n<title>Sal\u00e1nki Anna - Tart\u00e1sjav\u00edt\u00f3 Edz\u0151 Debrecen | FlowFitness<\/title>\n<meta name=\"description\" content=\"Sal\u00e1nki Anna leend\u0151 gy\u00f3gytorn\u00e1sz \u00e9s edz\u0151. Tart\u00e1sjav\u00edt\u00f3 gerinctorna, k\u00f6redz\u00e9s, stretching Debrecenben. Kinezio tape \u00e9s k\u00f6p\u00f6lyter\u00e1pia specialista.\" \/>\n<meta name=\"robots\" content=\"index, follow, max-snippet:-1, max-image-preview:large, max-video-preview:-1\" \/>\n<link rel=\"canonical\" href=\"https:\/\/flowfitness.hu\/en\/salankianna\/\" \/>\n<meta property=\"og:locale\" content=\"en_GB\" \/>\n<meta property=\"og:type\" content=\"article\" \/>\n<meta property=\"og:title\" content=\"Sal\u00e1nki Anna - Tart\u00e1sjav\u00edt\u00f3 Edz\u0151 Debrecen | FlowFitness\" \/>\n<meta property=\"og:description\" content=\"Sal\u00e1nki Anna leend\u0151 gy\u00f3gytorn\u00e1sz \u00e9s edz\u0151. Tart\u00e1sjav\u00edt\u00f3 gerinctorna, k\u00f6redz\u00e9s, stretching Debrecenben. Kinezio tape \u00e9s k\u00f6p\u00f6lyter\u00e1pia specialista.\" \/>\n<meta property=\"og:url\" content=\"https:\/\/flowfitness.hu\/en\/salankianna\/\" \/>\n<meta property=\"og:site_name\" content=\"FlowFitness\" \/>\n<meta property=\"article:publisher\" content=\"https:\/\/www.facebook.com\/profile.php?id=61565576416380\" \/>\n<meta property=\"article:modified_time\" content=\"2026-02-18T10:35:57+00:00\" \/>\n<meta name=\"twitter:card\" content=\"summary_large_image\" \/>\n<meta name=\"twitter:label1\" content=\"Estimated reading time\" \/>\n\t<meta name=\"twitter:data1\" content=\"1 minute\" \/>\n<script type=\"application\/ld+json\" class=\"yoast-schema-graph\">{\"@context\":\"https:\/\/schema.org\",\"@graph\":[{\"@type\":\"WebPage\",\"@id\":\"https:\/\/flowfitness.hu\/salankianna\/\",\"url\":\"https:\/\/flowfitness.hu\/salankianna\/\",\"name\":\"Sal\u00e1nki Anna - Tart\u00e1sjav\u00edt\u00f3 Edz\u0151 Debrecen | FlowFitness\",\"isPartOf\":{\"@id\":\"https:\/\/flowfitness.hu\/#website\"},\"datePublished\":\"2026-02-03T17:25:45+00:00\",\"dateModified\":\"2026-02-18T10:35:57+00:00\",\"description\":\"Sal\u00e1nki Anna leend\u0151 gy\u00f3gytorn\u00e1sz \u00e9s edz\u0151. Tart\u00e1sjav\u00edt\u00f3 gerinctorna, k\u00f6redz\u00e9s, stretching Debrecenben. Kinezio tape \u00e9s k\u00f6p\u00f6lyter\u00e1pia specialista.\",\"breadcrumb\":{\"@id\":\"https:\/\/flowfitness.hu\/salankianna\/#breadcrumb\"},\"inLanguage\":\"en-GB\",\"potentialAction\":[{\"@type\":\"ReadAction\",\"target\":[\"https:\/\/flowfitness.hu\/salankianna\/\"]}]},{\"@type\":\"BreadcrumbList\",\"@id\":\"https:\/\/flowfitness.hu\/salankianna\/#breadcrumb\",\"itemListElement\":[{\"@type\":\"ListItem\",\"position\":1,\"name\":\"Kezd\u0151lap\",\"item\":\"https:\/\/flowfitness.hu\/\"},{\"@type\":\"ListItem\",\"position\":2,\"name\":\"Sal\u00e1nki Anna\"}]},{\"@type\":\"WebSite\",\"@id\":\"https:\/\/flowfitness.hu\/#website\",\"url\":\"https:\/\/flowfitness.hu\/\",\"name\":\"FlowFitness\",\"description\":\"N\u0151i Fitness - Debrecen\",\"publisher\":{\"@id\":\"https:\/\/flowfitness.hu\/#organization\"},\"potentialAction\":[{\"@type\":\"SearchAction\",\"target\":{\"@type\":\"EntryPoint\",\"urlTemplate\":\"https:\/\/flowfitness.hu\/?s={search_term_string}\"},\"query-input\":{\"@type\":\"PropertyValueSpecification\",\"valueRequired\":true,\"valueName\":\"search_term_string\"}}],\"inLanguage\":\"en-GB\"},{\"@type\":\"Organization\",\"@id\":\"https:\/\/flowfitness.hu\/#organization\",\"name\":\"FlowFitness\",\"url\":\"https:\/\/flowfitness.hu\/\",\"logo\":{\"@type\":\"ImageObject\",\"inLanguage\":\"en-GB\",\"@id\":\"https:\/\/flowfitness.hu\/#\/schema\/logo\/image\/\",\"url\":\"https:\/\/flowfitness.hu\/wp-content\/uploads\/2025\/03\/FF-TRANSPARENT.png\",\"contentUrl\":\"https:\/\/flowfitness.hu\/wp-content\/uploads\/2025\/03\/FF-TRANSPARENT.png\",\"width\":799,\"height\":289,\"caption\":\"FlowFitness\"},\"image\":{\"@id\":\"https:\/\/flowfitness.hu\/#\/schema\/logo\/image\/\"},\"sameAs\":[\"https:\/\/www.facebook.com\/profile.php?id=61565576416380\",\"https:\/\/www.instagram.com\/flowfitness_debrecen\/\"]}]}<\/script>\n<!-- \/ Yoast SEO plugin. -->","yoast_head_json":{"title":"Sal\u00e1nki Anna - Tart\u00e1sjav\u00edt\u00f3 Edz\u0151 Debrecen | FlowFitness","description":"Sal\u00e1nki Anna leend\u0151 gy\u00f3gytorn\u00e1sz \u00e9s edz\u0151. Tart\u00e1sjav\u00edt\u00f3 gerinctorna, k\u00f6redz\u00e9s, stretching Debrecenben. Kinezio tape \u00e9s k\u00f6p\u00f6lyter\u00e1pia specialista.","robots":{"index":"index","follow":"follow","max-snippet":"max-snippet:-1","max-image-preview":"max-image-preview:large","max-video-preview":"max-video-preview:-1"},"canonical":"https:\/\/flowfitness.hu\/en\/salankianna\/","og_locale":"en_GB","og_type":"article","og_title":"Sal\u00e1nki Anna - Tart\u00e1sjav\u00edt\u00f3 Edz\u0151 Debrecen | FlowFitness","og_description":"Sal\u00e1nki Anna leend\u0151 gy\u00f3gytorn\u00e1sz \u00e9s edz\u0151. Tart\u00e1sjav\u00edt\u00f3 gerinctorna, k\u00f6redz\u00e9s, stretching Debrecenben. Kinezio tape \u00e9s k\u00f6p\u00f6lyter\u00e1pia specialista.","og_url":"https:\/\/flowfitness.hu\/en\/salankianna\/","og_site_name":"FlowFitness","article_publisher":"https:\/\/www.facebook.com\/profile.php?id=61565576416380","article_modified_time":"2026-02-18T10:35:57+00:00","twitter_card":"summary_large_image","twitter_misc":{"Estimated reading time":"1 minute"},"schema":{"@context":"https:\/\/schema.org","@graph":[{"@type":"WebPage","@id":"https:\/\/flowfitness.hu\/salankianna\/","url":"https:\/\/flowfitness.hu\/salankianna\/","name":"Sal\u00e1nki Anna - Tart\u00e1sjav\u00edt\u00f3 Edz\u0151 Debrecen | FlowFitness","isPartOf":{"@id":"https:\/\/flowfitness.hu\/#website"},"datePublished":"2026-02-03T17:25:45+00:00","dateModified":"2026-02-18T10:35:57+00:00","description":"Sal\u00e1nki Anna leend\u0151 gy\u00f3gytorn\u00e1sz \u00e9s edz\u0151. Tart\u00e1sjav\u00edt\u00f3 gerinctorna, k\u00f6redz\u00e9s, stretching Debrecenben. Kinezio tape \u00e9s k\u00f6p\u00f6lyter\u00e1pia specialista.","breadcrumb":{"@id":"https:\/\/flowfitness.hu\/salankianna\/#breadcrumb"},"inLanguage":"en-GB","potentialAction":[{"@type":"ReadAction","target":["https:\/\/flowfitness.hu\/salankianna\/"]}]},{"@type":"BreadcrumbList","@id":"https:\/\/flowfitness.hu\/salankianna\/#breadcrumb","itemListElement":[{"@type":"ListItem","position":1,"name":"Kezd\u0151lap","item":"https:\/\/flowfitness.hu\/"},{"@type":"ListItem","position":2,"name":"Sal\u00e1nki Anna"}]},{"@type":"WebSite","@id":"https:\/\/flowfitness.hu\/#website","url":"https:\/\/flowfitness.hu\/","name":"FlowFitness","description":"N\u0151i Fitness - Debrecen","publisher":{"@id":"https:\/\/flowfitness.hu\/#organization"},"potentialAction":[{"@type":"SearchAction","target":{"@type":"EntryPoint","urlTemplate":"https:\/\/flowfitness.hu\/?s={search_term_string}"},"query-input":{"@type":"PropertyValueSpecification","valueRequired":true,"valueName":"search_term_string"}}],"inLanguage":"en-GB"},{"@type":"Organization","@id":"https:\/\/flowfitness.hu\/#organization","name":"FlowFitness","url":"https:\/\/flowfitness.hu\/","logo":{"@type":"ImageObject","inLanguage":"en-GB","@id":"https:\/\/flowfitness.hu\/#\/schema\/logo\/image\/","url":"https:\/\/flowfitness.hu\/wp-content\/uploads\/2025\/03\/FF-TRANSPARENT.png","contentUrl":"https:\/\/flowfitness.hu\/wp-content\/uploads\/2025\/03\/FF-TRANSPARENT.png","width":799,"height":289,"caption":"FlowFitness"},"image":{"@id":"https:\/\/flowfitness.hu\/#\/schema\/logo\/image\/"},"sameAs":["https:\/\/www.facebook.com\/profile.php?id=61565576416380","https:\/\/www.instagram.com\/flowfitness_debrecen\/"]}]}},"_links":{"self":[{"href":"https:\/\/flowfitness.hu\/en\/wp-json\/wp\/v2\/pages\/2242","targetHints":{"allow":["GET"]}}],"collection":[{"href":"https:\/\/flowfitness.hu\/en\/wp-json\/wp\/v2\/pages"}],"about":[{"href":"https:\/\/flowfitness.hu\/en\/wp-json\/wp\/v2\/types\/page"}],"author":[{"embeddable":true,"href":"https:\/\/flowfitness.hu\/en\/wp-json\/wp\/v2\/users\/1"}],"replies":[{"embeddable":true,"href":"https:\/\/flowfitness.hu\/en\/wp-json\/wp\/v2\/comments?post=2242"}],"version-history":[{"count":23,"href":"https:\/\/flowfitness.hu\/en\/wp-json\/wp\/v2\/pages\/2242\/revisions"}],"predecessor-version":[{"id":2412,"href":"https:\/\/flowfitness.hu\/en\/wp-json\/wp\/v2\/pages\/2242\/revisions\/2412"}],"wp:attachment":[{"href":"https:\/\/flowfitness.hu\/en\/wp-json\/wp\/v2\/media?parent=2242"}],"curies":[{"name":"wp","href":"https:\/\/api.w.org\/{rel}","templated":true}]}}