{"id":2233,"date":"2026-02-03T17:11:32","date_gmt":"2026-02-03T17:11:32","guid":{"rendered":"https:\/\/flowfitness.hu\/?page_id=2233"},"modified":"2026-02-18T10:30:18","modified_gmt":"2026-02-18T10:30:18","slug":"fehervirag","status":"publish","type":"page","link":"https:\/\/flowfitness.hu\/en\/fehervirag\/","title":{"rendered":"Vir\u00e1g Feh\u00e9r"},"content":{"rendered":"\t\t<div data-elementor-type=\"wp-page\" data-elementor-id=\"2233\" class=\"elementor elementor-2233\">\n\t\t\t\t\t\t\t<div class=\"elementor-element elementor-element-2b2b4ba elementor-hidden-mobile e-con-boxed e-con\" data-id=\"2b2b4ba\" data-element_type=\"container\" data-settings=\"{&quot;background_background&quot;:&quot;classic&quot;,&quot;content_width&quot;:&quot;boxed&quot;}\">\n\t\t\t\t\t<div class=\"e-con-inner\">\n\t\t<div class=\"elementor-element elementor-element-6a9fbb2 e-con-full e-con\" data-id=\"6a9fbb2\" data-element_type=\"container\" data-settings=\"{&quot;content_width&quot;:&quot;full&quot;}\">\n\t\t<div class=\"elementor-element elementor-element-945b3c3 e-con-full e-con\" data-id=\"945b3c3\" data-element_type=\"container\" data-settings=\"{&quot;content_width&quot;:&quot;full&quot;,&quot;background_background&quot;:&quot;classic&quot;}\">\n\t\t\t\t<\/div>\n\t\t<div class=\"elementor-element elementor-element-960b07b e-con-full elementor-hidden-mobile e-con\" data-id=\"960b07b\" data-element_type=\"container\" data-settings=\"{&quot;content_width&quot;:&quot;full&quot;,&quot;background_background&quot;:&quot;classic&quot;}\">\n\t\t\t\t<\/div>\n\t\t\t\t<\/div>\n\t\t\t\t\t<\/div>\n\t\t\t\t<\/div>\n\t\t<div class=\"elementor-element elementor-element-221ce7f elementor-hidden-desktop elementor-hidden-tablet e-con-boxed e-con\" data-id=\"221ce7f\" data-element_type=\"container\" data-settings=\"{&quot;background_background&quot;:&quot;classic&quot;,&quot;content_width&quot;:&quot;boxed&quot;}\">\n\t\t\t\t\t<div class=\"e-con-inner\">\n\t\t<div class=\"elementor-element elementor-element-0c17cb3 e-con-full e-con\" data-id=\"0c17cb3\" data-element_type=\"container\" data-settings=\"{&quot;content_width&quot;:&quot;full&quot;}\">\n\t\t<div class=\"elementor-element elementor-element-9b8be20 e-con-full e-con\" data-id=\"9b8be20\" data-element_type=\"container\" data-settings=\"{&quot;content_width&quot;:&quot;full&quot;,&quot;background_background&quot;:&quot;classic&quot;}\">\n\t\t\t\t<\/div>\n\t\t\t\t<\/div>\n\t\t\t\t\t<\/div>\n\t\t\t\t<\/div>\n\t\t<div class=\"elementor-element elementor-element-b4edb69 e-con-boxed e-con\" data-id=\"b4edb69\" data-element_type=\"container\" data-settings=\"{&quot;background_background&quot;:&quot;classic&quot;,&quot;content_width&quot;:&quot;boxed&quot;}\">\n\t\t\t\t\t<div class=\"e-con-inner\">\n\t\t<div class=\"elementor-element elementor-element-5fac3da e-con-full e-con\" data-id=\"5fac3da\" data-element_type=\"container\" data-settings=\"{&quot;content_width&quot;:&quot;full&quot;}\">\n\t\t<div class=\"elementor-element elementor-element-a52d5eb e-con-full e-con\" data-id=\"a52d5eb\" data-element_type=\"container\" data-settings=\"{&quot;content_width&quot;:&quot;full&quot;,&quot;background_background&quot;:&quot;classic&quot;}\">\n\t\t\t\t<div class=\"elementor-element elementor-element-e42b454 elementor-widget elementor-widget-heading\" data-id=\"e42b454\" data-element_type=\"widget\" data-widget_type=\"heading.default\">\n\t\t\t\t<div class=\"elementor-widget-container\">\n\t\t\t<style>\/*! elementor - v3.11.1 - 15-02-2023 *\/\n.elementor-heading-title{padding:0;margin:0;line-height:1}.elementor-widget-heading .elementor-heading-title[class*=elementor-size-]>a{color:inherit;font-size:inherit;line-height:inherit}.elementor-widget-heading .elementor-heading-title.elementor-size-small{font-size:15px}.elementor-widget-heading .elementor-heading-title.elementor-size-medium{font-size:19px}.elementor-widget-heading .elementor-heading-title.elementor-size-large{font-size:29px}.elementor-widget-heading .elementor-heading-title.elementor-size-xl{font-size:39px}.elementor-widget-heading .elementor-heading-title.elementor-size-xxl{font-size:59px}<\/style><h2 class=\"elementor-heading-title elementor-size-default\">Feh\u00e9r Vir\u00e1g<\/h2>\t\t<\/div>\n\t\t\t\t<\/div>\n\t\t\t\t<\/div>\n\t\t<div class=\"elementor-element elementor-element-1c15a76 e-con-full e-con\" data-id=\"1c15a76\" data-element_type=\"container\" data-settings=\"{&quot;content_width&quot;:&quot;full&quot;,&quot;background_background&quot;:&quot;classic&quot;}\">\n\t\t\t\t<div class=\"elementor-element elementor-element-ffd327f elementor-widget elementor-widget-text-editor\" data-id=\"ffd327f\" data-element_type=\"widget\" data-widget_type=\"text-editor.default\">\n\t\t\t\t<div class=\"elementor-widget-container\">\n\t\t\t<style>\/*! elementor - v3.11.1 - 15-02-2023 *\/\n.elementor-widget-text-editor.elementor-drop-cap-view-stacked .elementor-drop-cap{background-color:#818a91;color:#fff}.elementor-widget-text-editor.elementor-drop-cap-view-framed .elementor-drop-cap{color:#818a91;border:3px solid;background-color:transparent}.elementor-widget-text-editor:not(.elementor-drop-cap-view-default) .elementor-drop-cap{margin-top:8px}.elementor-widget-text-editor:not(.elementor-drop-cap-view-default) .elementor-drop-cap-letter{width:1em;height:1em}.elementor-widget-text-editor .elementor-drop-cap{float:left;text-align:center;line-height:1;font-size:50px}.elementor-widget-text-editor .elementor-drop-cap-letter{display:inline-block}<\/style>\t\t\t\t<p data-start=\"171\" data-end=\"441\">Gyerekkorom \u00f3ta a mozg\u00e1s az \u00e9letem r\u00e9sze. Versenyszer\u0171en sportoltam \u00a0az akrobatikus rock and rollt\u00f3l a szertorn\u00e1n \u00e1t eg\u00e9szen a test\u00e9p\u00edt\u00e9sig, ahol bajnoki c\u00edmet is szereztem. M\u00e9gis a funkcion\u00e1lis edz\u00e9s vil\u00e1ga ragadott meg igaz\u00e1n: a mozg\u00e1s szabads\u00e1ga, ereje \u00e9s rendszere.<\/p><p data-start=\"443\" data-end=\"663\">Szenved\u00e9lyesen szeretek tanulni \u00e9s fejl\u0151dni \u00e9s ezt a lelkesed\u00e9st igyekszem minden vend\u00e9gemnek \u00e1tadni.<br data-start=\"546\" data-end=\"549\" \/>T\u00f6bb mint 6 \u00e9ve dolgozom n\u0151i fitnesz \u00e9s szem\u00e9lyi edz\u00e9s ter\u00fclet\u00e9n, ahol nemcsak az edz\u00e9s, hanem az ember is sz\u00e1m\u00edt.<\/p><p data-start=\"665\" data-end=\"955\">Hiszem, hogy a sport nemcsak form\u00e1l, hanem er\u0151t ad.<br data-start=\"716\" data-end=\"719\" \/>Az \u00e9n c\u00e9lom, hogy seg\u00edts\u00e9gedre legyek az utadon legyen az fogy\u00e1s, izom\u00e9p\u00edt\u00e9s, vagy egyszer\u0171en csak az, hogy jobban \u00e9rezd magad a b\u0151r\u00f6dben.<br data-start=\"859\" data-end=\"862\" \/>A FlowFitness-ben egy\u00fctt dolgozunk az\u00e9rt, hogy megtal\u00e1ld azt az \u00f6nmagadat, akire b\u00fcszke vagy.<\/p>\t\t\t\t\t\t<\/div>\n\t\t\t\t<\/div>\n\t\t\t\t<\/div>\n\t\t\t\t<\/div>\n\t\t\t\t\t<\/div>\n\t\t\t\t<\/div>\n\t\t\t\t\t\t\t<\/div>\n\t\t","protected":false},"excerpt":{"rendered":"<p>Feh\u00e9r Vir\u00e1g Gyerekkorom \u00f3ta a mozg\u00e1s az \u00e9letem r\u00e9sze. Versenyszer\u0171en sportoltam \u00a0az akrobatikus rock and rollt\u00f3l a szertorn\u00e1n \u00e1t eg\u00e9szen a test\u00e9p\u00edt\u00e9sig, ahol bajnoki c\u00edmet is szereztem. M\u00e9gis a funkcion\u00e1lis edz\u00e9s vil\u00e1ga ragadott meg igaz\u00e1n: a mozg\u00e1s szabads\u00e1ga, ereje \u00e9s rendszere. Szenved\u00e9lyesen szeretek tanulni \u00e9s fejl\u0151dni \u00e9s ezt a lelkesed\u00e9st igyekszem minden vend\u00e9gemnek \u00e1tadni.T\u00f6bb mint [&hellip;]<\/p>\n","protected":false},"author":1,"featured_media":0,"parent":0,"menu_order":0,"comment_status":"closed","ping_status":"closed","template":"elementor_header_footer","meta":{"footnotes":""},"class_list":["post-2233","page","type-page","status-publish","hentry"],"yoast_head":"<!-- This site is optimized with the Yoast SEO plugin v26.6 - https:\/\/yoast.com\/wordpress\/plugins\/seo\/ -->\n<title>Feh\u00e9r Vir\u00e1g - Szem\u00e9lyi Edz\u0151 Debrecen | FlowFitness<\/title>\n<meta name=\"description\" content=\"Feh\u00e9r Vir\u00e1g - Test\u00e9p\u00edt\u0151 bajnok, szem\u00e9lyi edz\u0151 6+ \u00e9v tapasztalattal. Funkcion\u00e1lis edz\u00e9s, fogy\u00e1s, izom\u00e9p\u00edt\u00e9s n\u0151knek. FlowFitness alap\u00edt\u00f3ja.\" \/>\n<meta name=\"robots\" content=\"index, follow, max-snippet:-1, max-image-preview:large, max-video-preview:-1\" \/>\n<link rel=\"canonical\" href=\"https:\/\/flowfitness.hu\/en\/fehervirag\/\" \/>\n<meta property=\"og:locale\" content=\"en_GB\" \/>\n<meta property=\"og:type\" content=\"article\" \/>\n<meta property=\"og:title\" content=\"Feh\u00e9r Vir\u00e1g - Szem\u00e9lyi Edz\u0151 Debrecen | FlowFitness\" \/>\n<meta property=\"og:description\" content=\"Feh\u00e9r Vir\u00e1g - Test\u00e9p\u00edt\u0151 bajnok, szem\u00e9lyi edz\u0151 6+ \u00e9v tapasztalattal. Funkcion\u00e1lis edz\u00e9s, fogy\u00e1s, izom\u00e9p\u00edt\u00e9s n\u0151knek. FlowFitness alap\u00edt\u00f3ja.\" \/>\n<meta property=\"og:url\" content=\"https:\/\/flowfitness.hu\/en\/fehervirag\/\" \/>\n<meta property=\"og:site_name\" content=\"FlowFitness\" \/>\n<meta property=\"article:publisher\" content=\"https:\/\/www.facebook.com\/profile.php?id=61565576416380\" \/>\n<meta property=\"article:modified_time\" content=\"2026-02-18T10:30:18+00:00\" \/>\n<meta name=\"twitter:card\" content=\"summary_large_image\" \/>\n<meta name=\"twitter:label1\" content=\"Estimated reading time\" \/>\n\t<meta name=\"twitter:data1\" content=\"1 minute\" \/>\n<script type=\"application\/ld+json\" class=\"yoast-schema-graph\">{\"@context\":\"https:\/\/schema.org\",\"@graph\":[{\"@type\":\"WebPage\",\"@id\":\"https:\/\/flowfitness.hu\/fehervirag\/\",\"url\":\"https:\/\/flowfitness.hu\/fehervirag\/\",\"name\":\"Feh\u00e9r Vir\u00e1g - Szem\u00e9lyi Edz\u0151 Debrecen | FlowFitness\",\"isPartOf\":{\"@id\":\"https:\/\/flowfitness.hu\/#website\"},\"datePublished\":\"2026-02-03T17:11:32+00:00\",\"dateModified\":\"2026-02-18T10:30:18+00:00\",\"description\":\"Feh\u00e9r Vir\u00e1g - Test\u00e9p\u00edt\u0151 bajnok, szem\u00e9lyi edz\u0151 6+ \u00e9v tapasztalattal. Funkcion\u00e1lis edz\u00e9s, fogy\u00e1s, izom\u00e9p\u00edt\u00e9s n\u0151knek. FlowFitness alap\u00edt\u00f3ja.\",\"breadcrumb\":{\"@id\":\"https:\/\/flowfitness.hu\/fehervirag\/#breadcrumb\"},\"inLanguage\":\"en-GB\",\"potentialAction\":[{\"@type\":\"ReadAction\",\"target\":[\"https:\/\/flowfitness.hu\/fehervirag\/\"]}]},{\"@type\":\"BreadcrumbList\",\"@id\":\"https:\/\/flowfitness.hu\/fehervirag\/#breadcrumb\",\"itemListElement\":[{\"@type\":\"ListItem\",\"position\":1,\"name\":\"Kezd\u0151lap\",\"item\":\"https:\/\/flowfitness.hu\/\"},{\"@type\":\"ListItem\",\"position\":2,\"name\":\"Feh\u00e9r Vir\u00e1g\"}]},{\"@type\":\"WebSite\",\"@id\":\"https:\/\/flowfitness.hu\/#website\",\"url\":\"https:\/\/flowfitness.hu\/\",\"name\":\"FlowFitness\",\"description\":\"N\u0151i Fitness - Debrecen\",\"publisher\":{\"@id\":\"https:\/\/flowfitness.hu\/#organization\"},\"potentialAction\":[{\"@type\":\"SearchAction\",\"target\":{\"@type\":\"EntryPoint\",\"urlTemplate\":\"https:\/\/flowfitness.hu\/?s={search_term_string}\"},\"query-input\":{\"@type\":\"PropertyValueSpecification\",\"valueRequired\":true,\"valueName\":\"search_term_string\"}}],\"inLanguage\":\"en-GB\"},{\"@type\":\"Organization\",\"@id\":\"https:\/\/flowfitness.hu\/#organization\",\"name\":\"FlowFitness\",\"url\":\"https:\/\/flowfitness.hu\/\",\"logo\":{\"@type\":\"ImageObject\",\"inLanguage\":\"en-GB\",\"@id\":\"https:\/\/flowfitness.hu\/#\/schema\/logo\/image\/\",\"url\":\"https:\/\/flowfitness.hu\/wp-content\/uploads\/2025\/03\/FF-TRANSPARENT.png\",\"contentUrl\":\"https:\/\/flowfitness.hu\/wp-content\/uploads\/2025\/03\/FF-TRANSPARENT.png\",\"width\":799,\"height\":289,\"caption\":\"FlowFitness\"},\"image\":{\"@id\":\"https:\/\/flowfitness.hu\/#\/schema\/logo\/image\/\"},\"sameAs\":[\"https:\/\/www.facebook.com\/profile.php?id=61565576416380\",\"https:\/\/www.instagram.com\/flowfitness_debrecen\/\"]}]}<\/script>\n<!-- \/ Yoast SEO plugin. -->","yoast_head_json":{"title":"Feh\u00e9r Vir\u00e1g - Szem\u00e9lyi Edz\u0151 Debrecen | FlowFitness","description":"Feh\u00e9r Vir\u00e1g - Test\u00e9p\u00edt\u0151 bajnok, szem\u00e9lyi edz\u0151 6+ \u00e9v tapasztalattal. Funkcion\u00e1lis edz\u00e9s, fogy\u00e1s, izom\u00e9p\u00edt\u00e9s n\u0151knek. FlowFitness alap\u00edt\u00f3ja.","robots":{"index":"index","follow":"follow","max-snippet":"max-snippet:-1","max-image-preview":"max-image-preview:large","max-video-preview":"max-video-preview:-1"},"canonical":"https:\/\/flowfitness.hu\/en\/fehervirag\/","og_locale":"en_GB","og_type":"article","og_title":"Feh\u00e9r Vir\u00e1g - Szem\u00e9lyi Edz\u0151 Debrecen | FlowFitness","og_description":"Feh\u00e9r Vir\u00e1g - Test\u00e9p\u00edt\u0151 bajnok, szem\u00e9lyi edz\u0151 6+ \u00e9v tapasztalattal. Funkcion\u00e1lis edz\u00e9s, fogy\u00e1s, izom\u00e9p\u00edt\u00e9s n\u0151knek. FlowFitness alap\u00edt\u00f3ja.","og_url":"https:\/\/flowfitness.hu\/en\/fehervirag\/","og_site_name":"FlowFitness","article_publisher":"https:\/\/www.facebook.com\/profile.php?id=61565576416380","article_modified_time":"2026-02-18T10:30:18+00:00","twitter_card":"summary_large_image","twitter_misc":{"Estimated reading time":"1 minute"},"schema":{"@context":"https:\/\/schema.org","@graph":[{"@type":"WebPage","@id":"https:\/\/flowfitness.hu\/fehervirag\/","url":"https:\/\/flowfitness.hu\/fehervirag\/","name":"Feh\u00e9r Vir\u00e1g - Szem\u00e9lyi Edz\u0151 Debrecen | FlowFitness","isPartOf":{"@id":"https:\/\/flowfitness.hu\/#website"},"datePublished":"2026-02-03T17:11:32+00:00","dateModified":"2026-02-18T10:30:18+00:00","description":"Feh\u00e9r Vir\u00e1g - Test\u00e9p\u00edt\u0151 bajnok, szem\u00e9lyi edz\u0151 6+ \u00e9v tapasztalattal. Funkcion\u00e1lis edz\u00e9s, fogy\u00e1s, izom\u00e9p\u00edt\u00e9s n\u0151knek. FlowFitness alap\u00edt\u00f3ja.","breadcrumb":{"@id":"https:\/\/flowfitness.hu\/fehervirag\/#breadcrumb"},"inLanguage":"en-GB","potentialAction":[{"@type":"ReadAction","target":["https:\/\/flowfitness.hu\/fehervirag\/"]}]},{"@type":"BreadcrumbList","@id":"https:\/\/flowfitness.hu\/fehervirag\/#breadcrumb","itemListElement":[{"@type":"ListItem","position":1,"name":"Kezd\u0151lap","item":"https:\/\/flowfitness.hu\/"},{"@type":"ListItem","position":2,"name":"Feh\u00e9r Vir\u00e1g"}]},{"@type":"WebSite","@id":"https:\/\/flowfitness.hu\/#website","url":"https:\/\/flowfitness.hu\/","name":"FlowFitness","description":"N\u0151i Fitness - Debrecen","publisher":{"@id":"https:\/\/flowfitness.hu\/#organization"},"potentialAction":[{"@type":"SearchAction","target":{"@type":"EntryPoint","urlTemplate":"https:\/\/flowfitness.hu\/?s={search_term_string}"},"query-input":{"@type":"PropertyValueSpecification","valueRequired":true,"valueName":"search_term_string"}}],"inLanguage":"en-GB"},{"@type":"Organization","@id":"https:\/\/flowfitness.hu\/#organization","name":"FlowFitness","url":"https:\/\/flowfitness.hu\/","logo":{"@type":"ImageObject","inLanguage":"en-GB","@id":"https:\/\/flowfitness.hu\/#\/schema\/logo\/image\/","url":"https:\/\/flowfitness.hu\/wp-content\/uploads\/2025\/03\/FF-TRANSPARENT.png","contentUrl":"https:\/\/flowfitness.hu\/wp-content\/uploads\/2025\/03\/FF-TRANSPARENT.png","width":799,"height":289,"caption":"FlowFitness"},"image":{"@id":"https:\/\/flowfitness.hu\/#\/schema\/logo\/image\/"},"sameAs":["https:\/\/www.facebook.com\/profile.php?id=61565576416380","https:\/\/www.instagram.com\/flowfitness_debrecen\/"]}]}},"_links":{"self":[{"href":"https:\/\/flowfitness.hu\/en\/wp-json\/wp\/v2\/pages\/2233","targetHints":{"allow":["GET"]}}],"collection":[{"href":"https:\/\/flowfitness.hu\/en\/wp-json\/wp\/v2\/pages"}],"about":[{"href":"https:\/\/flowfitness.hu\/en\/wp-json\/wp\/v2\/types\/page"}],"author":[{"embeddable":true,"href":"https:\/\/flowfitness.hu\/en\/wp-json\/wp\/v2\/users\/1"}],"replies":[{"embeddable":true,"href":"https:\/\/flowfitness.hu\/en\/wp-json\/wp\/v2\/comments?post=2233"}],"version-history":[{"count":20,"href":"https:\/\/flowfitness.hu\/en\/wp-json\/wp\/v2\/pages\/2233\/revisions"}],"predecessor-version":[{"id":2408,"href":"https:\/\/flowfitness.hu\/en\/wp-json\/wp\/v2\/pages\/2233\/revisions\/2408"}],"wp:attachment":[{"href":"https:\/\/flowfitness.hu\/en\/wp-json\/wp\/v2\/media?parent=2233"}],"curies":[{"name":"wp","href":"https:\/\/api.w.org\/{rel}","templated":true}]}}