{"id":2166,"date":"2026-02-03T15:00:12","date_gmt":"2026-02-03T15:00:12","guid":{"rendered":"https:\/\/flowfitness.hu\/?page_id=2166"},"modified":"2026-02-19T07:15:11","modified_gmt":"2026-02-19T07:15:11","slug":"orarend","status":"publish","type":"page","link":"https:\/\/flowfitness.hu\/en\/orarend\/","title":{"rendered":"Schedule"},"content":{"rendered":"\t\t<div data-elementor-type=\"wp-page\" data-elementor-id=\"2166\" class=\"elementor elementor-2166\">\n\t\t\t\t\t\t\t<div class=\"elementor-element elementor-element-6ff024e e-con-full e-con\" data-id=\"6ff024e\" data-element_type=\"container\" data-settings=\"{&quot;content_width&quot;:&quot;full&quot;,&quot;background_background&quot;:&quot;classic&quot;,&quot;shape_divider_bottom&quot;:&quot;wave-brush&quot;}\">\n\t\t\t\t<div class=\"elementor-shape elementor-shape-bottom\" data-negative=\"false\">\n\t\t\t<svg xmlns=\"http:\/\/www.w3.org\/2000\/svg\" viewBox=\"0 0 283.5 27.8\" preserveAspectRatio=\"none\">\n\t<path class=\"elementor-shape-fill\" d=\"M283.5,9.7c0,0-7.3,4.3-14,4.6c-6.8,0.3-12.6,0-20.9-1.5c-11.3-2-33.1-10.1-44.7-5.7\ts-12.1,4.6-18,7.4c-6.6,3.2-20,9.6-36.6,9.3C131.6,23.5,99.5,7.2,86.3,8c-1.4,0.1-6.6,0.8-10.5,2c-3.8,1.2-9.4,3.8-17,4.7\tc-3.2,0.4-8.3,1.1-14.2,0.9c-1.5-0.1-6.3-0.4-12-1.6c-5.7-1.2-11-3.1-15.8-3.7C6.5,9.2,0,10.8,0,10.8V0h283.5V9.7z M260.8,11.3\tc-0.7-1-2-0.4-4.3-0.4c-2.3,0-6.1-1.2-5.8-1.1c0.3,0.1,3.1,1.5,6,1.9C259.7,12.2,261.4,12.3,260.8,11.3z M242.4,8.6\tc0,0-2.4-0.2-5.6-0.9c-3.2-0.8-10.3-2.8-15.1-3.5c-8.2-1.1-15.8,0-15.1,0.1c0.8,0.1,9.6-0.6,17.6,1.1c3.3,0.7,9.3,2.2,12.4,2.7\tC239.9,8.7,242.4,8.6,242.4,8.6z M185.2,8.5c1.7-0.7-13.3,4.7-18.5,6.1c-2.1,0.6-6.2,1.6-10,2c-3.9,0.4-8.9,0.4-8.8,0.5\tc0,0.2,5.8,0.8,11.2,0c5.4-0.8,5.2-1.1,7.6-1.6C170.5,14.7,183.5,9.2,185.2,8.5z M199.1,6.9c0.2,0-0.8-0.4-4.8,1.1\tc-4,1.5-6.7,3.5-6.9,3.7c-0.2,0.1,3.5-1.8,6.6-3C197,7.5,199,6.9,199.1,6.9z M283,6c-0.1,0.1-1.9,1.1-4.8,2.5s-6.9,2.8-6.7,2.7\tc0.2,0,3.5-0.6,7.4-2.5C282.8,6.8,283.1,5.9,283,6z M31.3,11.6c0.1-0.2-1.9-0.2-4.5-1.2s-5.4-1.6-7.8-2C15,7.6,7.3,8.5,7.7,8.6\tC8,8.7,15.9,8.3,20.2,9.3c2.2,0.5,2.4,0.5,5.7,1.6S31.2,11.9,31.3,11.6z M73,9.2c0.4-0.1,3.5-1.6,8.4-2.6c4.9-1.1,8.9-0.5,8.9-0.8\tc0-0.3-1-0.9-6.2-0.3S72.6,9.3,73,9.2z M71.6,6.7C71.8,6.8,75,5.4,77.3,5c2.3-0.3,1.9-0.5,1.9-0.6c0-0.1-1.1-0.2-2.7,0.2\tC74.8,5.1,71.4,6.6,71.6,6.7z M93.6,4.4c0.1,0.2,3.5,0.8,5.6,1.8c2.1,1,1.8,0.6,1.9,0.5c0.1-0.1-0.8-0.8-2.4-1.3\tC97.1,4.8,93.5,4.2,93.6,4.4z M65.4,11.1c-0.1,0.3,0.3,0.5,1.9-0.2s2.6-1.3,2.2-1.2s-0.9,0.4-2.5,0.8C65.3,10.9,65.5,10.8,65.4,11.1\tz M34.5,12.4c-0.2,0,2.1,0.8,3.3,0.9c1.2,0.1,2,0.1,2-0.2c0-0.3-0.1-0.5-1.6-0.4C36.6,12.8,34.7,12.4,34.5,12.4z M152.2,21.1\tc-0.1,0.1-2.4-0.3-7.5-0.3c-5,0-13.6-2.4-17.2-3.5c-3.6-1.1,10,3.9,16.5,4.1C150.5,21.6,152.3,21,152.2,21.1z\"\/>\n\t<path class=\"elementor-shape-fill\" d=\"M269.6,18c-0.1-0.1-4.6,0.3-7.2,0c-7.3-0.7-17-3.2-16.6-2.9c0.4,0.3,13.7,3.1,17,3.3\tC267.7,18.8,269.7,18,269.6,18z\"\/>\n\t<path class=\"elementor-shape-fill\" d=\"M227.4,9.8c-0.2-0.1-4.5-1-9.5-1.2c-5-0.2-12.7,0.6-12.3,0.5c0.3-0.1,5.9-1.8,13.3-1.2\tS227.6,9.9,227.4,9.8z\"\/>\n\t<path class=\"elementor-shape-fill\" d=\"M204.5,13.4c-0.1-0.1,2-1,3.2-1.1c1.2-0.1,2,0,2,0.3c0,0.3-0.1,0.5-1.6,0.4\tC206.4,12.9,204.6,13.5,204.5,13.4z\"\/>\n\t<path class=\"elementor-shape-fill\" d=\"M201,10.6c0-0.1-4.4,1.2-6.3,2.2c-1.9,0.9-6.2,3.1-6.1,3.1c0.1,0.1,4.2-1.6,6.3-2.6\tS201,10.7,201,10.6z\"\/>\n\t<path class=\"elementor-shape-fill\" d=\"M154.5,26.7c-0.1-0.1-4.6,0.3-7.2,0c-7.3-0.7-17-3.2-16.6-2.9c0.4,0.3,13.7,3.1,17,3.3\tC152.6,27.5,154.6,26.8,154.5,26.7z\"\/>\n\t<path class=\"elementor-shape-fill\" d=\"M41.9,19.3c0,0,1.2-0.3,2.9-0.1c1.7,0.2,5.8,0.9,8.2,0.7c4.2-0.4,7.4-2.7,7-2.6\tc-0.4,0-4.3,2.2-8.6,1.9c-1.8-0.1-5.1-0.5-6.7-0.4S41.9,19.3,41.9,19.3z\"\/>\n\t<path class=\"elementor-shape-fill\" d=\"M75.5,12.6c0.2,0.1,2-0.8,4.3-1.1c2.3-0.2,2.1-0.3,2.1-0.5c0-0.1-1.8-0.4-3.4,0\tC76.9,11.5,75.3,12.5,75.5,12.6z\"\/>\n\t<path class=\"elementor-shape-fill\" d=\"M15.6,13.2c0-0.1,4.3,0,6.7,0.5c2.4,0.5,5,1.9,5,2c0,0.1-2.7-0.8-5.1-1.4\tC19.9,13.7,15.7,13.3,15.6,13.2z\"\/>\n<\/svg>\t\t<\/div>\n\t\t<div class=\"elementor-element elementor-element-ea5f7b0 e-con-boxed e-con\" data-id=\"ea5f7b0\" data-element_type=\"container\" data-settings=\"{&quot;content_width&quot;:&quot;boxed&quot;}\">\n\t\t\t\t\t<div class=\"e-con-inner\">\n\t\t\t\t<div class=\"elementor-element elementor-element-512eaa7 elementor-widget elementor-widget-heading\" data-id=\"512eaa7\" data-element_type=\"widget\" data-widget_type=\"heading.default\">\n\t\t\t\t<div class=\"elementor-widget-container\">\n\t\t\t<style>\/*! elementor - v3.11.1 - 15-02-2023 *\/\n.elementor-heading-title{padding:0;margin:0;line-height:1}.elementor-widget-heading .elementor-heading-title[class*=elementor-size-]>a{color:inherit;font-size:inherit;line-height:inherit}.elementor-widget-heading .elementor-heading-title.elementor-size-small{font-size:15px}.elementor-widget-heading .elementor-heading-title.elementor-size-medium{font-size:19px}.elementor-widget-heading .elementor-heading-title.elementor-size-large{font-size:29px}.elementor-widget-heading .elementor-heading-title.elementor-size-xl{font-size:39px}.elementor-widget-heading .elementor-heading-title.elementor-size-xxl{font-size:59px}<\/style><h2 class=\"elementor-heading-title elementor-size-default\">\u00d3rarend<\/h2>\t\t<\/div>\n\t\t\t\t<\/div>\n\t\t\t\t\t<\/div>\n\t\t\t\t<\/div>\n\t\t\t\t<\/div>\n\t\t<div class=\"elementor-element elementor-element-963c8d5 e-con-boxed e-con\" data-id=\"963c8d5\" data-element_type=\"container\" data-settings=\"{&quot;content_width&quot;:&quot;boxed&quot;}\">\n\t\t\t\t\t<div class=\"e-con-inner\">\n\t\t<div class=\"elementor-element elementor-element-0b778f0 e-con-boxed e-con\" data-id=\"0b778f0\" data-element_type=\"container\" data-settings=\"{&quot;background_background&quot;:&quot;classic&quot;,&quot;content_width&quot;:&quot;boxed&quot;}\">\n\t\t\t\t\t<div class=\"e-con-inner\">\n\t\t\t\t<div class=\"elementor-element elementor-element-bfb3cc8 elementor-widget elementor-widget-text-editor\" data-id=\"bfb3cc8\" data-element_type=\"widget\" data-widget_type=\"text-editor.default\">\n\t\t\t\t<div class=\"elementor-widget-container\">\n\t\t\t<style>\/*! elementor - v3.11.1 - 15-02-2023 *\/\n.elementor-widget-text-editor.elementor-drop-cap-view-stacked .elementor-drop-cap{background-color:#818a91;color:#fff}.elementor-widget-text-editor.elementor-drop-cap-view-framed .elementor-drop-cap{color:#818a91;border:3px solid;background-color:transparent}.elementor-widget-text-editor:not(.elementor-drop-cap-view-default) .elementor-drop-cap{margin-top:8px}.elementor-widget-text-editor:not(.elementor-drop-cap-view-default) .elementor-drop-cap-letter{width:1em;height:1em}.elementor-widget-text-editor .elementor-drop-cap{float:left;text-align:center;line-height:1;font-size:50px}.elementor-widget-text-editor .elementor-drop-cap-letter{display:inline-block}<\/style>\t\t\t\t<p>Az \u00f3r\u00e1kra minden esetben online bejelentkez\u00e9s sz\u00fcks\u00e9ges, amely minden esetben csak \u00e9rv\u00e9nyes \u00f3rajeggyel vagy b\u00e9rlettel lehets\u00e9ges.<\/p><p>A foglal\u00e1si rendszer\u00fcnk a Motibro. A foglal\u00e1s \u00e9s a b\u00e9rletv\u00e1s\u00e1rl\u00e1s megk\u00f6nny\u00edt\u00e9s\u00e9hez azt javasoljuk, hogy regisztr\u00e1lj magadnak Motibro fi\u00f3kot. A Motibroval \u00e9s a bejelentkez\u00e9ssel kapcsolatosan seg\u00edts\u00e9get <a href=\"https:\/\/flowfitness.hu\/hasznos\/#hasznos\"><span class=\"wixui-rich-text__text\">itt<\/span><\/a> tal\u00e1lhatsz.<\/p><p>(El\u0151fordulhat, hogy az \u00f3rarend csak lassan t\u00f6lt be)<\/p>\t\t\t\t\t\t<\/div>\n\t\t\t\t<\/div>\n\t\t\t\t\t<\/div>\n\t\t\t\t<\/div>\n\t\t\t\t\t<\/div>\n\t\t\t\t<\/div>\n\t\t<div class=\"elementor-element elementor-element-f61ae70 e-con-boxed e-con\" data-id=\"f61ae70\" data-element_type=\"container\" data-settings=\"{&quot;content_width&quot;:&quot;boxed&quot;}\">\n\t\t\t\t\t<div class=\"e-con-inner\">\n\t\t\t\t<div class=\"elementor-element elementor-element-ea96acc elementor-widget elementor-widget-html\" data-id=\"ea96acc\" data-element_type=\"widget\" data-widget_type=\"html.default\">\n\t\t\t\t<div class=\"elementor-widget-container\">\n\t\t\t\n<!-- iframe plugin v.6.0 wordpress.org\/plugins\/iframe\/ -->\n<iframe loading=\"lazy\" src=\"https:\/\/www.motibro.com\/visitors\/reservation_widget?operator=flowfitness\" width=\"100%\" height=\"1000\" scrolling=\"yes\" class=\"iframe-class\" frameborder=\"0\"><\/iframe>\n\t\t<\/div>\n\t\t\t\t<\/div>\n\t\t\t\t\t<\/div>\n\t\t\t\t<\/div>\n\t\t\t\t\t\t\t<\/div>\n\t\t","protected":false},"excerpt":{"rendered":"<p>\u00d3rarend Az \u00f3r\u00e1kra minden esetben online bejelentkez\u00e9s sz\u00fcks\u00e9ges, amely minden esetben csak \u00e9rv\u00e9nyes \u00f3rajeggyel vagy b\u00e9rlettel lehets\u00e9ges. A foglal\u00e1si rendszer\u00fcnk a Motibro. A foglal\u00e1s \u00e9s a b\u00e9rletv\u00e1s\u00e1rl\u00e1s megk\u00f6nny\u00edt\u00e9s\u00e9hez azt javasoljuk, hogy regisztr\u00e1lj magadnak Motibro fi\u00f3kot. A Motibroval \u00e9s a bejelentkez\u00e9ssel kapcsolatosan seg\u00edts\u00e9get itt tal\u00e1lhatsz. (El\u0151fordulhat, hogy az \u00f3rarend csak lassan t\u00f6lt be)<\/p>","protected":false},"author":1,"featured_media":0,"parent":0,"menu_order":0,"comment_status":"closed","ping_status":"closed","template":"elementor_header_footer","meta":{"footnotes":""},"class_list":["post-2166","page","type-page","status-publish","hentry"],"yoast_head":"<!-- This site is optimized with the Yoast SEO plugin v26.6 - https:\/\/yoast.com\/wordpress\/plugins\/seo\/ -->\n<title>\u00d3rarend - FlowFitness Debrecen | Foglalj Id\u0151pontot Online<\/title>\n<meta name=\"description\" content=\"FlowFitness Debrecen \u00f3rarend - szem\u00e9lyi edz\u00e9s, k\u00f6redz\u00e9s, tart\u00e1sjav\u00edt\u00f3, stretching. Reggeli \u00e9s esti \u00f3r\u00e1k. Foglalj helyet online!\" \/>\n<meta name=\"robots\" content=\"index, follow, max-snippet:-1, max-image-preview:large, max-video-preview:-1\" \/>\n<link rel=\"canonical\" href=\"https:\/\/flowfitness.hu\/en\/orarend\/\" \/>\n<meta property=\"og:locale\" content=\"en_GB\" \/>\n<meta property=\"og:type\" content=\"article\" \/>\n<meta property=\"og:title\" content=\"\u00d3rarend - FlowFitness Debrecen | Foglalj Id\u0151pontot Online\" \/>\n<meta property=\"og:description\" content=\"FlowFitness Debrecen \u00f3rarend - szem\u00e9lyi edz\u00e9s, k\u00f6redz\u00e9s, tart\u00e1sjav\u00edt\u00f3, stretching. Reggeli \u00e9s esti \u00f3r\u00e1k. Foglalj helyet online!\" \/>\n<meta property=\"og:url\" content=\"https:\/\/flowfitness.hu\/en\/orarend\/\" \/>\n<meta property=\"og:site_name\" content=\"FlowFitness\" \/>\n<meta property=\"article:publisher\" content=\"https:\/\/www.facebook.com\/profile.php?id=61565576416380\" \/>\n<meta property=\"article:modified_time\" content=\"2026-02-19T07:15:11+00:00\" \/>\n<meta name=\"twitter:card\" content=\"summary_large_image\" \/>\n<meta name=\"twitter:label1\" content=\"Estimated reading time\" \/>\n\t<meta name=\"twitter:data1\" content=\"1 minute\" \/>\n<script type=\"application\/ld+json\" class=\"yoast-schema-graph\">{\"@context\":\"https:\/\/schema.org\",\"@graph\":[{\"@type\":\"WebPage\",\"@id\":\"https:\/\/flowfitness.hu\/orarend\/\",\"url\":\"https:\/\/flowfitness.hu\/orarend\/\",\"name\":\"\u00d3rarend - FlowFitness Debrecen | Foglalj Id\u0151pontot Online\",\"isPartOf\":{\"@id\":\"https:\/\/flowfitness.hu\/#website\"},\"datePublished\":\"2026-02-03T15:00:12+00:00\",\"dateModified\":\"2026-02-19T07:15:11+00:00\",\"description\":\"FlowFitness Debrecen \u00f3rarend - szem\u00e9lyi edz\u00e9s, k\u00f6redz\u00e9s, tart\u00e1sjav\u00edt\u00f3, stretching. Reggeli \u00e9s esti \u00f3r\u00e1k. Foglalj helyet online!\",\"breadcrumb\":{\"@id\":\"https:\/\/flowfitness.hu\/orarend\/#breadcrumb\"},\"inLanguage\":\"en-GB\",\"potentialAction\":[{\"@type\":\"ReadAction\",\"target\":[\"https:\/\/flowfitness.hu\/orarend\/\"]}]},{\"@type\":\"BreadcrumbList\",\"@id\":\"https:\/\/flowfitness.hu\/orarend\/#breadcrumb\",\"itemListElement\":[{\"@type\":\"ListItem\",\"position\":1,\"name\":\"Kezd\u0151lap\",\"item\":\"https:\/\/flowfitness.hu\/\"},{\"@type\":\"ListItem\",\"position\":2,\"name\":\"\u00d3rarend\"}]},{\"@type\":\"WebSite\",\"@id\":\"https:\/\/flowfitness.hu\/#website\",\"url\":\"https:\/\/flowfitness.hu\/\",\"name\":\"FlowFitness\",\"description\":\"N\u0151i Fitness - Debrecen\",\"publisher\":{\"@id\":\"https:\/\/flowfitness.hu\/#organization\"},\"potentialAction\":[{\"@type\":\"SearchAction\",\"target\":{\"@type\":\"EntryPoint\",\"urlTemplate\":\"https:\/\/flowfitness.hu\/?s={search_term_string}\"},\"query-input\":{\"@type\":\"PropertyValueSpecification\",\"valueRequired\":true,\"valueName\":\"search_term_string\"}}],\"inLanguage\":\"en-GB\"},{\"@type\":\"Organization\",\"@id\":\"https:\/\/flowfitness.hu\/#organization\",\"name\":\"FlowFitness\",\"url\":\"https:\/\/flowfitness.hu\/\",\"logo\":{\"@type\":\"ImageObject\",\"inLanguage\":\"en-GB\",\"@id\":\"https:\/\/flowfitness.hu\/#\/schema\/logo\/image\/\",\"url\":\"https:\/\/flowfitness.hu\/wp-content\/uploads\/2025\/03\/FF-TRANSPARENT.png\",\"contentUrl\":\"https:\/\/flowfitness.hu\/wp-content\/uploads\/2025\/03\/FF-TRANSPARENT.png\",\"width\":799,\"height\":289,\"caption\":\"FlowFitness\"},\"image\":{\"@id\":\"https:\/\/flowfitness.hu\/#\/schema\/logo\/image\/\"},\"sameAs\":[\"https:\/\/www.facebook.com\/profile.php?id=61565576416380\",\"https:\/\/www.instagram.com\/flowfitness_debrecen\/\"]}]}<\/script>\n<!-- \/ Yoast SEO plugin. -->","yoast_head_json":{"title":"\u00d3rarend - FlowFitness Debrecen | Foglalj Id\u0151pontot Online","description":"FlowFitness Debrecen \u00f3rarend - szem\u00e9lyi edz\u00e9s, k\u00f6redz\u00e9s, tart\u00e1sjav\u00edt\u00f3, stretching. Reggeli \u00e9s esti \u00f3r\u00e1k. Foglalj helyet online!","robots":{"index":"index","follow":"follow","max-snippet":"max-snippet:-1","max-image-preview":"max-image-preview:large","max-video-preview":"max-video-preview:-1"},"canonical":"https:\/\/flowfitness.hu\/en\/orarend\/","og_locale":"en_GB","og_type":"article","og_title":"\u00d3rarend - FlowFitness Debrecen | Foglalj Id\u0151pontot Online","og_description":"FlowFitness Debrecen \u00f3rarend - szem\u00e9lyi edz\u00e9s, k\u00f6redz\u00e9s, tart\u00e1sjav\u00edt\u00f3, stretching. Reggeli \u00e9s esti \u00f3r\u00e1k. Foglalj helyet online!","og_url":"https:\/\/flowfitness.hu\/en\/orarend\/","og_site_name":"FlowFitness","article_publisher":"https:\/\/www.facebook.com\/profile.php?id=61565576416380","article_modified_time":"2026-02-19T07:15:11+00:00","twitter_card":"summary_large_image","twitter_misc":{"Estimated reading time":"1 minute"},"schema":{"@context":"https:\/\/schema.org","@graph":[{"@type":"WebPage","@id":"https:\/\/flowfitness.hu\/orarend\/","url":"https:\/\/flowfitness.hu\/orarend\/","name":"\u00d3rarend - FlowFitness Debrecen | Foglalj Id\u0151pontot Online","isPartOf":{"@id":"https:\/\/flowfitness.hu\/#website"},"datePublished":"2026-02-03T15:00:12+00:00","dateModified":"2026-02-19T07:15:11+00:00","description":"FlowFitness Debrecen \u00f3rarend - szem\u00e9lyi edz\u00e9s, k\u00f6redz\u00e9s, tart\u00e1sjav\u00edt\u00f3, stretching. Reggeli \u00e9s esti \u00f3r\u00e1k. Foglalj helyet online!","breadcrumb":{"@id":"https:\/\/flowfitness.hu\/orarend\/#breadcrumb"},"inLanguage":"en-GB","potentialAction":[{"@type":"ReadAction","target":["https:\/\/flowfitness.hu\/orarend\/"]}]},{"@type":"BreadcrumbList","@id":"https:\/\/flowfitness.hu\/orarend\/#breadcrumb","itemListElement":[{"@type":"ListItem","position":1,"name":"Kezd\u0151lap","item":"https:\/\/flowfitness.hu\/"},{"@type":"ListItem","position":2,"name":"\u00d3rarend"}]},{"@type":"WebSite","@id":"https:\/\/flowfitness.hu\/#website","url":"https:\/\/flowfitness.hu\/","name":"FlowFitness","description":"N\u0151i Fitness - Debrecen","publisher":{"@id":"https:\/\/flowfitness.hu\/#organization"},"potentialAction":[{"@type":"SearchAction","target":{"@type":"EntryPoint","urlTemplate":"https:\/\/flowfitness.hu\/?s={search_term_string}"},"query-input":{"@type":"PropertyValueSpecification","valueRequired":true,"valueName":"search_term_string"}}],"inLanguage":"en-GB"},{"@type":"Organization","@id":"https:\/\/flowfitness.hu\/#organization","name":"FlowFitness","url":"https:\/\/flowfitness.hu\/","logo":{"@type":"ImageObject","inLanguage":"en-GB","@id":"https:\/\/flowfitness.hu\/#\/schema\/logo\/image\/","url":"https:\/\/flowfitness.hu\/wp-content\/uploads\/2025\/03\/FF-TRANSPARENT.png","contentUrl":"https:\/\/flowfitness.hu\/wp-content\/uploads\/2025\/03\/FF-TRANSPARENT.png","width":799,"height":289,"caption":"FlowFitness"},"image":{"@id":"https:\/\/flowfitness.hu\/#\/schema\/logo\/image\/"},"sameAs":["https:\/\/www.facebook.com\/profile.php?id=61565576416380","https:\/\/www.instagram.com\/flowfitness_debrecen\/"]}]}},"_links":{"self":[{"href":"https:\/\/flowfitness.hu\/en\/wp-json\/wp\/v2\/pages\/2166","targetHints":{"allow":["GET"]}}],"collection":[{"href":"https:\/\/flowfitness.hu\/en\/wp-json\/wp\/v2\/pages"}],"about":[{"href":"https:\/\/flowfitness.hu\/en\/wp-json\/wp\/v2\/types\/page"}],"author":[{"embeddable":true,"href":"https:\/\/flowfitness.hu\/en\/wp-json\/wp\/v2\/users\/1"}],"replies":[{"embeddable":true,"href":"https:\/\/flowfitness.hu\/en\/wp-json\/wp\/v2\/comments?post=2166"}],"version-history":[{"count":38,"href":"https:\/\/flowfitness.hu\/en\/wp-json\/wp\/v2\/pages\/2166\/revisions"}],"predecessor-version":[{"id":2484,"href":"https:\/\/flowfitness.hu\/en\/wp-json\/wp\/v2\/pages\/2166\/revisions\/2484"}],"wp:attachment":[{"href":"https:\/\/flowfitness.hu\/en\/wp-json\/wp\/v2\/media?parent=2166"}],"curies":[{"name":"wp","href":"https:\/\/api.w.org\/{rel}","templated":true}]}}