{"id":1307,"date":"2025-08-26T09:05:45","date_gmt":"2025-08-26T09:05:45","guid":{"rendered":"https:\/\/flowfitness.hu\/?page_id=1307"},"modified":"2026-02-19T07:19:23","modified_gmt":"2026-02-19T07:19:23","slug":"jogi-dokumentaciok","status":"publish","type":"page","link":"https:\/\/flowfitness.hu\/en\/jogi-dokumentaciok\/","title":{"rendered":"Jogi Dokument\u00e1ci\u00f3k"},"content":{"rendered":"\t\t<div data-elementor-type=\"wp-page\" data-elementor-id=\"1307\" class=\"elementor elementor-1307\">\n\t\t\t\t\t\t\t<div class=\"elementor-element elementor-element-fb3f712 e-con-boxed e-con\" data-id=\"fb3f712\" data-element_type=\"container\" data-settings=\"{&quot;content_width&quot;:&quot;boxed&quot;}\">\n\t\t\t\t\t<div class=\"e-con-inner\">\n\t\t\t\t<div class=\"elementor-element elementor-element-91ac47d elementor-widget elementor-widget-heading\" data-id=\"91ac47d\" data-element_type=\"widget\" data-widget_type=\"heading.default\">\n\t\t\t\t<div class=\"elementor-widget-container\">\n\t\t\t<style>\/*! elementor - v3.11.1 - 15-02-2023 *\/\n.elementor-heading-title{padding:0;margin:0;line-height:1}.elementor-widget-heading .elementor-heading-title[class*=elementor-size-]>a{color:inherit;font-size:inherit;line-height:inherit}.elementor-widget-heading .elementor-heading-title.elementor-size-small{font-size:15px}.elementor-widget-heading .elementor-heading-title.elementor-size-medium{font-size:19px}.elementor-widget-heading .elementor-heading-title.elementor-size-large{font-size:29px}.elementor-widget-heading .elementor-heading-title.elementor-size-xl{font-size:39px}.elementor-widget-heading .elementor-heading-title.elementor-size-xxl{font-size:59px}<\/style><h2 class=\"elementor-heading-title elementor-size-default\">FlowFitness Jogi Dokument\u00e1ci\u00f3k<\/h2>\t\t<\/div>\n\t\t\t\t<\/div>\n\t\t\t\t<div class=\"elementor-element elementor-element-46a29d7 elementor-widget elementor-widget-text-editor\" data-id=\"46a29d7\" data-element_type=\"widget\" data-widget_type=\"text-editor.default\">\n\t\t\t\t<div class=\"elementor-widget-container\">\n\t\t\t<style>\/*! elementor - v3.11.1 - 15-02-2023 *\/\n.elementor-widget-text-editor.elementor-drop-cap-view-stacked .elementor-drop-cap{background-color:#818a91;color:#fff}.elementor-widget-text-editor.elementor-drop-cap-view-framed .elementor-drop-cap{color:#818a91;border:3px solid;background-color:transparent}.elementor-widget-text-editor:not(.elementor-drop-cap-view-default) .elementor-drop-cap{margin-top:8px}.elementor-widget-text-editor:not(.elementor-drop-cap-view-default) .elementor-drop-cap-letter{width:1em;height:1em}.elementor-widget-text-editor .elementor-drop-cap{float:left;text-align:center;line-height:1;font-size:50px}.elementor-widget-text-editor .elementor-drop-cap-letter{display:inline-block}<\/style>\t\t\t\t<p><a href=\"http:\/\/flowfitness.hu\/wp-content\/uploads\/2025\/08\/FlowFitness-ASZF.pdf\">\u00c1ltal\u00e1nos Szerz\u0151d\u00e9si Felt\u00e9telek<\/a><\/p><p><a href=\"http:\/\/flowfitness.hu\/wp-content\/uploads\/2025\/08\/FlowFitness-Adatkezelesi-Tajekoztato.pdf\">Adatkezel\u00e9si T\u00e1j\u00e9koztat\u00f3<\/a><\/p><p><a href=\"http:\/\/flowfitness.hu\/wp-content\/uploads\/2025\/08\/Beleegyezo-nyilatkozat-Nyomtatott.pdf\">Beleegyez\u0151 nyilatkozat<\/a><\/p><p><a href=\"http:\/\/flowfitness.hu\/wp-content\/uploads\/2025\/08\/KAMERASZABALYZAT-FlowFitness.pdf\">Kameraszab\u00e1lyzat<\/a><\/p><p><a href=\"http:\/\/flowfitness.hu\/wp-content\/uploads\/2025\/08\/FlowFitness-Hazirend.pdf\">H\u00e1zirend<\/a><\/p><p>\u00a0<\/p>\t\t\t\t\t\t<\/div>\n\t\t\t\t<\/div>\n\t\t\t\t\t<\/div>\n\t\t\t\t<\/div>\n\t\t\t\t\t\t\t<\/div>\n\t\t","protected":false},"excerpt":{"rendered":"<p>FlowFitness Jogi Dokument\u00e1ci\u00f3k \u00c1ltal\u00e1nos Szerz\u0151d\u00e9si Felt\u00e9telek Adatkezel\u00e9si T\u00e1j\u00e9koztat\u00f3 Beleegyez\u0151 nyilatkozat Kameraszab\u00e1lyzat H\u00e1zirend \u00a0<\/p>","protected":false},"author":1,"featured_media":0,"parent":0,"menu_order":0,"comment_status":"closed","ping_status":"closed","template":"elementor_header_footer","meta":{"footnotes":""},"class_list":["post-1307","page","type-page","status-publish","hentry"],"yoast_head":"<!-- This site is optimized with the Yoast SEO plugin v26.6 - https:\/\/yoast.com\/wordpress\/plugins\/seo\/ -->\n<title>Jogi Dokument\u00e1ci\u00f3k - FlowFitness<\/title>\n<meta name=\"robots\" content=\"index, follow, max-snippet:-1, max-image-preview:large, max-video-preview:-1\" \/>\n<link rel=\"canonical\" href=\"https:\/\/flowfitness.hu\/en\/jogi-dokumentaciok\/\" \/>\n<meta property=\"og:locale\" content=\"en_GB\" \/>\n<meta property=\"og:type\" content=\"article\" \/>\n<meta property=\"og:title\" content=\"Jogi Dokument\u00e1ci\u00f3k - FlowFitness\" \/>\n<meta property=\"og:description\" content=\"FlowFitness Jogi Dokument\u00e1ci\u00f3k \u00c1ltal\u00e1nos Szerz\u0151d\u00e9si Felt\u00e9telek Adatkezel\u00e9si T\u00e1j\u00e9koztat\u00f3 Beleegyez\u0151 nyilatkozat Kameraszab\u00e1lyzat H\u00e1zirend \u00a0\" \/>\n<meta property=\"og:url\" content=\"https:\/\/flowfitness.hu\/en\/jogi-dokumentaciok\/\" \/>\n<meta property=\"og:site_name\" content=\"FlowFitness\" \/>\n<meta property=\"article:publisher\" content=\"https:\/\/www.facebook.com\/profile.php?id=61565576416380\" \/>\n<meta property=\"article:modified_time\" content=\"2026-02-19T07:19:23+00:00\" \/>\n<meta name=\"twitter:card\" content=\"summary_large_image\" \/>\n<meta name=\"twitter:label1\" content=\"Estimated reading time\" \/>\n\t<meta name=\"twitter:data1\" content=\"1 minute\" \/>\n<script type=\"application\/ld+json\" class=\"yoast-schema-graph\">{\"@context\":\"https:\/\/schema.org\",\"@graph\":[{\"@type\":\"WebPage\",\"@id\":\"https:\/\/flowfitness.hu\/jogi-dokumentaciok\/\",\"url\":\"https:\/\/flowfitness.hu\/jogi-dokumentaciok\/\",\"name\":\"Jogi Dokument\u00e1ci\u00f3k - FlowFitness\",\"isPartOf\":{\"@id\":\"https:\/\/flowfitness.hu\/#website\"},\"datePublished\":\"2025-08-26T09:05:45+00:00\",\"dateModified\":\"2026-02-19T07:19:23+00:00\",\"breadcrumb\":{\"@id\":\"https:\/\/flowfitness.hu\/jogi-dokumentaciok\/#breadcrumb\"},\"inLanguage\":\"en-GB\",\"potentialAction\":[{\"@type\":\"ReadAction\",\"target\":[\"https:\/\/flowfitness.hu\/jogi-dokumentaciok\/\"]}]},{\"@type\":\"BreadcrumbList\",\"@id\":\"https:\/\/flowfitness.hu\/jogi-dokumentaciok\/#breadcrumb\",\"itemListElement\":[{\"@type\":\"ListItem\",\"position\":1,\"name\":\"Kezd\u0151lap\",\"item\":\"https:\/\/flowfitness.hu\/\"},{\"@type\":\"ListItem\",\"position\":2,\"name\":\"Jogi Dokument\u00e1ci\u00f3k\"}]},{\"@type\":\"WebSite\",\"@id\":\"https:\/\/flowfitness.hu\/#website\",\"url\":\"https:\/\/flowfitness.hu\/\",\"name\":\"FlowFitness\",\"description\":\"N\u0151i Fitness - Debrecen\",\"publisher\":{\"@id\":\"https:\/\/flowfitness.hu\/#organization\"},\"potentialAction\":[{\"@type\":\"SearchAction\",\"target\":{\"@type\":\"EntryPoint\",\"urlTemplate\":\"https:\/\/flowfitness.hu\/?s={search_term_string}\"},\"query-input\":{\"@type\":\"PropertyValueSpecification\",\"valueRequired\":true,\"valueName\":\"search_term_string\"}}],\"inLanguage\":\"en-GB\"},{\"@type\":\"Organization\",\"@id\":\"https:\/\/flowfitness.hu\/#organization\",\"name\":\"FlowFitness\",\"url\":\"https:\/\/flowfitness.hu\/\",\"logo\":{\"@type\":\"ImageObject\",\"inLanguage\":\"en-GB\",\"@id\":\"https:\/\/flowfitness.hu\/#\/schema\/logo\/image\/\",\"url\":\"https:\/\/flowfitness.hu\/wp-content\/uploads\/2025\/03\/FF-TRANSPARENT.png\",\"contentUrl\":\"https:\/\/flowfitness.hu\/wp-content\/uploads\/2025\/03\/FF-TRANSPARENT.png\",\"width\":799,\"height\":289,\"caption\":\"FlowFitness\"},\"image\":{\"@id\":\"https:\/\/flowfitness.hu\/#\/schema\/logo\/image\/\"},\"sameAs\":[\"https:\/\/www.facebook.com\/profile.php?id=61565576416380\",\"https:\/\/www.instagram.com\/flowfitness_debrecen\/\"]}]}<\/script>\n<!-- \/ Yoast SEO plugin. -->","yoast_head_json":{"title":"Jogi Dokument\u00e1ci\u00f3k - FlowFitness","robots":{"index":"index","follow":"follow","max-snippet":"max-snippet:-1","max-image-preview":"max-image-preview:large","max-video-preview":"max-video-preview:-1"},"canonical":"https:\/\/flowfitness.hu\/en\/jogi-dokumentaciok\/","og_locale":"en_GB","og_type":"article","og_title":"Jogi Dokument\u00e1ci\u00f3k - FlowFitness","og_description":"FlowFitness Jogi Dokument\u00e1ci\u00f3k \u00c1ltal\u00e1nos Szerz\u0151d\u00e9si Felt\u00e9telek Adatkezel\u00e9si T\u00e1j\u00e9koztat\u00f3 Beleegyez\u0151 nyilatkozat Kameraszab\u00e1lyzat H\u00e1zirend \u00a0","og_url":"https:\/\/flowfitness.hu\/en\/jogi-dokumentaciok\/","og_site_name":"FlowFitness","article_publisher":"https:\/\/www.facebook.com\/profile.php?id=61565576416380","article_modified_time":"2026-02-19T07:19:23+00:00","twitter_card":"summary_large_image","twitter_misc":{"Estimated reading time":"1 minute"},"schema":{"@context":"https:\/\/schema.org","@graph":[{"@type":"WebPage","@id":"https:\/\/flowfitness.hu\/jogi-dokumentaciok\/","url":"https:\/\/flowfitness.hu\/jogi-dokumentaciok\/","name":"Jogi Dokument\u00e1ci\u00f3k - FlowFitness","isPartOf":{"@id":"https:\/\/flowfitness.hu\/#website"},"datePublished":"2025-08-26T09:05:45+00:00","dateModified":"2026-02-19T07:19:23+00:00","breadcrumb":{"@id":"https:\/\/flowfitness.hu\/jogi-dokumentaciok\/#breadcrumb"},"inLanguage":"en-GB","potentialAction":[{"@type":"ReadAction","target":["https:\/\/flowfitness.hu\/jogi-dokumentaciok\/"]}]},{"@type":"BreadcrumbList","@id":"https:\/\/flowfitness.hu\/jogi-dokumentaciok\/#breadcrumb","itemListElement":[{"@type":"ListItem","position":1,"name":"Kezd\u0151lap","item":"https:\/\/flowfitness.hu\/"},{"@type":"ListItem","position":2,"name":"Jogi Dokument\u00e1ci\u00f3k"}]},{"@type":"WebSite","@id":"https:\/\/flowfitness.hu\/#website","url":"https:\/\/flowfitness.hu\/","name":"FlowFitness","description":"N\u0151i Fitness - Debrecen","publisher":{"@id":"https:\/\/flowfitness.hu\/#organization"},"potentialAction":[{"@type":"SearchAction","target":{"@type":"EntryPoint","urlTemplate":"https:\/\/flowfitness.hu\/?s={search_term_string}"},"query-input":{"@type":"PropertyValueSpecification","valueRequired":true,"valueName":"search_term_string"}}],"inLanguage":"en-GB"},{"@type":"Organization","@id":"https:\/\/flowfitness.hu\/#organization","name":"FlowFitness","url":"https:\/\/flowfitness.hu\/","logo":{"@type":"ImageObject","inLanguage":"en-GB","@id":"https:\/\/flowfitness.hu\/#\/schema\/logo\/image\/","url":"https:\/\/flowfitness.hu\/wp-content\/uploads\/2025\/03\/FF-TRANSPARENT.png","contentUrl":"https:\/\/flowfitness.hu\/wp-content\/uploads\/2025\/03\/FF-TRANSPARENT.png","width":799,"height":289,"caption":"FlowFitness"},"image":{"@id":"https:\/\/flowfitness.hu\/#\/schema\/logo\/image\/"},"sameAs":["https:\/\/www.facebook.com\/profile.php?id=61565576416380","https:\/\/www.instagram.com\/flowfitness_debrecen\/"]}]}},"_links":{"self":[{"href":"https:\/\/flowfitness.hu\/en\/wp-json\/wp\/v2\/pages\/1307","targetHints":{"allow":["GET"]}}],"collection":[{"href":"https:\/\/flowfitness.hu\/en\/wp-json\/wp\/v2\/pages"}],"about":[{"href":"https:\/\/flowfitness.hu\/en\/wp-json\/wp\/v2\/types\/page"}],"author":[{"embeddable":true,"href":"https:\/\/flowfitness.hu\/en\/wp-json\/wp\/v2\/users\/1"}],"replies":[{"embeddable":true,"href":"https:\/\/flowfitness.hu\/en\/wp-json\/wp\/v2\/comments?post=1307"}],"version-history":[{"count":22,"href":"https:\/\/flowfitness.hu\/en\/wp-json\/wp\/v2\/pages\/1307\/revisions"}],"predecessor-version":[{"id":2496,"href":"https:\/\/flowfitness.hu\/en\/wp-json\/wp\/v2\/pages\/1307\/revisions\/2496"}],"wp:attachment":[{"href":"https:\/\/flowfitness.hu\/en\/wp-json\/wp\/v2\/media?parent=1307"}],"curies":[{"name":"wp","href":"https:\/\/api.w.org\/{rel}","templated":true}]}}